{"id":2160,"date":"2020-12-18T15:50:52","date_gmt":"2020-12-18T13:50:52","guid":{"rendered":"https:\/\/v5xpvv3f4qz.c.updraftclone.com\/?page_id=2160"},"modified":"2021-01-20T13:38:52","modified_gmt":"2021-01-20T11:38:52","slug":"dataskydd","status":"publish","type":"page","link":"https:\/\/www.du-tec.fi\/sv\/dataskydd\/","title":{"rendered":"Dataskydd"},"content":{"rendered":"\t\t<div data-elementor-type=\"wp-page\" data-elementor-id=\"2160\" class=\"elementor elementor-2160 elementor-2135\" data-elementor-post-type=\"page\">\n\t\t\t\t\t\t<section class=\"elementor-section elementor-top-section elementor-element elementor-element-4978d21 elementor-section-boxed elementor-section-height-default elementor-section-height-default\" data-id=\"4978d21\" data-element_type=\"section\" data-e-type=\"section\">\n\t\t\t\t\t\t<div class=\"elementor-container elementor-column-gap-default\">\n\t\t\t\t\t<div class=\"elementor-column elementor-col-100 elementor-top-column elementor-element elementor-element-868bfbf\" data-id=\"868bfbf\" data-element_type=\"column\" data-e-type=\"column\">\n\t\t\t<div class=\"elementor-widget-wrap elementor-element-populated\">\n\t\t\t\t\t\t<div class=\"elementor-element elementor-element-c531681 elementor-widget elementor-widget-heading\" data-id=\"c531681\" data-element_type=\"widget\" data-e-type=\"widget\" data-widget_type=\"heading.default\">\n\t\t\t\t<div class=\"elementor-widget-container\">\n\t\t\t\t\t<h1 class=\"elementor-heading-title elementor-size-default\">Dataskydd<\/h1>\t\t\t\t<\/div>\n\t\t\t\t<\/div>\n\t\t\t\t<div class=\"elementor-element elementor-element-9e6af7b elementor-widget elementor-widget-text-editor\" data-id=\"9e6af7b\" data-element_type=\"widget\" data-e-type=\"widget\" data-widget_type=\"text-editor.default\">\n\t\t\t\t<div class=\"elementor-widget-container\">\n\t\t\t\t\t\t\t\t\t<p><strong>Registrator<\/strong><\/p><p>Ab DU-tec Oy<br \/>L\u00f6vn\u00e4s mellanv\u00e4g 6<br \/>21600 PARGAS<\/p><p>du-tec [at] du-tec.fi<\/p><p><strong>Ab DU-tec Oy samlar in personuppgifter f\u00f6r kundrelationshantering.<\/strong>\u00a0Behandlingen av personuppgifter baseras p\u00e5 en legitimt r\u00e4ttighet samt p\u00e5 juridiska skyldigheter.<\/p><p><strong>Vi samlar ocks\u00e5 in information f\u00f6r marknadsf\u00f6rings\u00e4ndam\u00e5l.<\/strong> Den r\u00e4ttsliga grunden f\u00f6r behandlingen av personuppgifter \u00e4r samtycke.<\/p><p><strong>Vi fattar inte anv\u00e4ndarprofilering eller automatiserade beslut.<\/strong><\/p><p><strong>Om du \u00e4r kund kommer din personliga information att tas emot av<\/strong><br \/>&#8211; v\u00e5rt f\u00f6retag, det vill s\u00e4ga vi<br \/>&#8211; dig, du sj\u00e4lv, om vi pratar till exempel via e-post<br \/>&#8211; tj\u00e4nsteleverant\u00f6ren, om vi sk\u00f6ter bokning av tj\u00e4nster fr\u00e5n tredje part (endast faktureringsdata och information som kr\u00e4vs f\u00f6r tj\u00e4nsten samtidigt)<br \/>&#8211; v\u00e5rt bokf\u00f6ringsf\u00f6retag (endast faktureringsinformation).<\/p><p><strong>Vi lagrar din personliga information:<\/strong><br \/>&#8211; i e-postarkivet i sju \u00e5r \/ under den period som f\u00f6reskrivs i lagen<br \/>&#8211; i bokf\u00f6ringsmaterialet i sju \u00e5r \/ f\u00f6r den period som f\u00f6reskrivs i lagen<\/p><p><strong>Du har f\u00f6ljande r\u00e4ttigheter:<\/strong><br \/>&#8211; r\u00e4tten att inspektera personuppgifter om dig<br \/>&#8211; r\u00e4tten att korrigera uppgifterna<br \/>&#8211; r\u00e4tten att begr\u00e4nsa behandlingen (till exempel kan du f\u00f6rbjuda marknadsf\u00f6ring)<br \/>&#8211; r\u00e4tten att inv\u00e4nda mot f\u00f6rfarandet<br \/>&#8211; r\u00e4tten att \u00e5terkalla samtycke (till exempel kan du dra tillbaka ditt samtycke till marknadsf\u00f6ring)<br \/>&#8211; r\u00e4tten att l\u00e4mna in ett klagom\u00e5l till tillsynsmyndigheten<\/p><p>Observera att du har &#8221;r\u00e4tt att gl\u00f6mmas bort&#8221; enbart om vi inte har n\u00e5gon laglig skyldighet att forts\u00e4tta bearbeta din personliga information.<\/p><p>All personlig information behandlas med f\u00f6rtroende.<\/p><h2>Kakor (Cookies)<\/h2><p>Webbplatsen anv\u00e4nder webbakor (cookies). En cookie \u00e4r en liten textfil som skickas till en anv\u00e4ndares dator och lagras d\u00e4r. Cookies skadar inte anv\u00e4ndarnas datorer eller filer.<\/p><p>Vi anv\u00e4nder Google Analytics f\u00f6r att se vad som intresserar v\u00e5ra webbplatsbes\u00f6kare. Baserat p\u00e5 det kan vi producera nytt inneh\u00e5ll och anv\u00e4ndbara instruktioner och tips. Statistiken \u00e4r anonym och enskilda bes\u00f6kare kan inte identifieras, s\u00e5 jag kan inte sp\u00e5ra vad du g\u00f6r. L\u00e4s mer om Googles cookiepolicy h\u00e4r: https:\/\/policies.google.com\/technologies\/cookies?hl=sv.<\/p><p>Du kan surfa p\u00e5 sidorna utan bekymmer, eftersom vi inte har installerat sp\u00e5rningsverktyg f\u00f6r marknadsf\u00f6ring s\u00e5som Facebook-pixlar eller andra verktyg som vanligtvis riktar sig till reklam eftersom vi inte visa annonser p\u00e5 v\u00e5r sida. S\u00e5 du kommer inte att se annonser fr\u00e5n oss p\u00e5 olika webbplatser, Faceobook, Youtube eller n\u00e5gon annanstans \u00e4ven om du surfar p\u00e5 dessa sidor.<\/p><p>Du kan f\u00f6rhindra att cookies lagras p\u00e5 din enhet, begr\u00e4nsa anv\u00e4ndningen av cookies eller ta bort cookies fr\u00e5n dina webbl\u00e4sarinst\u00e4llningar. Det \u00e4r bra att komma ih\u00e5g att cookies kan vara n\u00f6dv\u00e4ndiga f\u00f6r att vissa tj\u00e4nster ska fungera korrekt. F\u00f6ljande l\u00e4nkar inneh\u00e5ller instruktioner om hur du anpassar webbl\u00e4sarens cookieinst\u00e4llningar. Observera att dessa l\u00e4nkar tar dig till externa webbplatser, och jag tar inget ansvar f\u00f6r deras inneh\u00e5ll:<\/p><p>Chrome: https:\/\/support.google.com\/chrome\/answer\/95647<\/p><p>Firefox: https:\/\/support.mozilla.org\/en\/kb\/replies-and-and-disabling<\/p><p>Opera: https:\/\/www.opera.com\/help\/tutorials\/security\/cookies\/<\/p><p>Kant: https:\/\/privacy.microsoft.com\/en-us\/windows-10-microsoft-edge-and-privacy<\/p><p>Internet Explorer: https:\/\/support.microsoft.com\/en-us\/help\/17442\/windows-internet-explorer-delete-manage-cookies<\/p><p>Safari: https:\/\/support.apple.com\/kb\/PH5042?locale=en_US<\/p><p><strong>Inneh\u00e5ll inb\u00e4ddat fr\u00e5n andra sidor<\/strong><\/p><p>Sidorna kan inneh\u00e5lla inb\u00e4ddat inneh\u00e5ll, till exempel videor fr\u00e5n YouTube och inneh\u00e5ll fr\u00e5n v\u00e5ra Instagram-sidor. Att \u00f6ppna s\u00e5dant inb\u00e4ddat inneh\u00e5ll \u00e4r detsamma som att bes\u00f6ka webbplatsen i fr\u00e5ga, i sj\u00e4lva verket YouTube eller Instagram. Dessa tredjepartswebbplatser kan samla in information fr\u00e5n dig, anv\u00e4nder cookies f\u00f6r att b\u00e4dda in tredje parts sp\u00e5rningskakor och \u00f6vervaka interaktion med inb\u00e4ddat inneh\u00e5ll, inklusive \u00f6vervakning av interaktion om och n\u00e4r du \u00e4r inloggad som en anv\u00e4ndarwebbplats.<\/p><p>V\u00e5r webbplats kan inneh\u00e5lla videor inb\u00e4ddade fr\u00e5n YouTube. Om du inte accepterar cookies som st\u00e4llts in av YouTube kommer du inte att se hj\u00e4lpvideor.<\/p><p><strong>Sociala till\u00e4gg<\/strong><\/p><p>V\u00e5r webbplats har l\u00e4nkar till tredje parts webbplatser och sociala plugins. Du kan hitta mer information om sekretesspolicyn f\u00f6r tj\u00e4nsterna p\u00e5 deras egna sidor.<\/p><p>Facebook: https:\/\/www.facebook.com\/about\/privacy\/cookies<\/p><p>Instagram: https:\/\/www.facebook.com\/help\/instagram\/155833707900388\/?helpref=hc_fnav<\/p><p>Google: https:\/\/policies.google.com\/privacy<\/p><p>Dessa l\u00e4nkar tar dig till externa webbplatser och jag tar inget ansvar f\u00f6r deras inneh\u00e5ll. F\u00f6r dessa applikationer till\u00e4mpas p\u00e5 tredje parts drifts- och andra villkor.<\/p><p>V\u00e5r sekretesspolicy uppdaterades 4.1.2021<\/p>\t\t\t\t\t\t\t\t<\/div>\n\t\t\t\t<\/div>\n\t\t\t\t\t<\/div>\n\t\t<\/div>\n\t\t\t\t\t<\/div>\n\t\t<\/section>\n\t\t\t\t<\/div>\n\t\t","protected":false},"excerpt":{"rendered":"<p>Dataskydd Registrator Ab DU-tec OyL\u00f6vn\u00e4s mellanv\u00e4g 621600 PARGAS du-tec [at] du-tec.fi Ab DU-tec Oy samlar in personuppgifter f\u00f6r kundrelationshantering.\u00a0Behandlingen av personuppgifter baseras p\u00e5 en legitimt r\u00e4ttighet samt p\u00e5 juridiska skyldigheter. Vi samlar ocks\u00e5 in information f\u00f6r marknadsf\u00f6rings\u00e4ndam\u00e5l. Den r\u00e4ttsliga grunden f\u00f6r behandlingen av personuppgifter \u00e4r samtycke. Vi fattar inte anv\u00e4ndarprofilering eller automatiserade beslut. Om du [&hellip;]<\/p>\n","protected":false},"author":1,"featured_media":0,"parent":0,"menu_order":98,"comment_status":"closed","ping_status":"closed","template":"","meta":{"site-sidebar-layout":"no-sidebar","site-content-layout":"page-builder","ast-site-content-layout":"default","site-content-style":"default","site-sidebar-style":"default","ast-global-header-display":"","ast-banner-title-visibility":"","ast-main-header-display":"","ast-hfb-above-header-display":"","ast-hfb-below-header-display":"","ast-hfb-mobile-header-display":"","site-post-title":"disabled","ast-breadcrumbs-content":"","ast-featured-img":"disabled","footer-sml-layout":"","ast-disable-related-posts":"","theme-transparent-header-meta":"default","adv-header-id-meta":"","stick-header-meta":"default","header-above-stick-meta":"","header-main-stick-meta":"","header-below-stick-meta":"","astra-migrate-meta-layouts":"default","ast-page-background-enabled":"default","ast-page-background-meta":{"desktop":{"background-color":"","background-image":"","background-repeat":"repeat","background-position":"center center","background-size":"auto","background-attachment":"scroll","background-type":"","background-media":"","overlay-type":"","overlay-color":"","overlay-opacity":"","overlay-gradient":""},"tablet":{"background-color":"","background-image":"","background-repeat":"repeat","background-position":"center center","background-size":"auto","background-attachment":"scroll","background-type":"","background-media":"","overlay-type":"","overlay-color":"","overlay-opacity":"","overlay-gradient":""},"mobile":{"background-color":"","background-image":"","background-repeat":"repeat","background-position":"center center","background-size":"auto","background-attachment":"scroll","background-type":"","background-media":"","overlay-type":"","overlay-color":"","overlay-opacity":"","overlay-gradient":""}},"ast-content-background-meta":{"desktop":{"background-color":"var(--ast-global-color-5)","background-image":"","background-repeat":"repeat","background-position":"center center","background-size":"auto","background-attachment":"scroll","background-type":"","background-media":"","overlay-type":"","overlay-color":"","overlay-opacity":"","overlay-gradient":""},"tablet":{"background-color":"var(--ast-global-color-5)","background-image":"","background-repeat":"repeat","background-position":"center center","background-size":"auto","background-attachment":"scroll","background-type":"","background-media":"","overlay-type":"","overlay-color":"","overlay-opacity":"","overlay-gradient":""},"mobile":{"background-color":"var(--ast-global-color-5)","background-image":"","background-repeat":"repeat","background-position":"center center","background-size":"auto","background-attachment":"scroll","background-type":"","background-media":"","overlay-type":"","overlay-color":"","overlay-opacity":"","overlay-gradient":""}},"footnotes":""},"class_list":["post-2160","page","type-page","status-publish","hentry"],"_links":{"self":[{"href":"https:\/\/www.du-tec.fi\/sv\/wp-json\/wp\/v2\/pages\/2160","targetHints":{"allow":["GET"]}}],"collection":[{"href":"https:\/\/www.du-tec.fi\/sv\/wp-json\/wp\/v2\/pages"}],"about":[{"href":"https:\/\/www.du-tec.fi\/sv\/wp-json\/wp\/v2\/types\/page"}],"author":[{"embeddable":true,"href":"https:\/\/www.du-tec.fi\/sv\/wp-json\/wp\/v2\/users\/1"}],"replies":[{"embeddable":true,"href":"https:\/\/www.du-tec.fi\/sv\/wp-json\/wp\/v2\/comments?post=2160"}],"version-history":[{"count":0,"href":"https:\/\/www.du-tec.fi\/sv\/wp-json\/wp\/v2\/pages\/2160\/revisions"}],"wp:attachment":[{"href":"https:\/\/www.du-tec.fi\/sv\/wp-json\/wp\/v2\/media?parent=2160"}],"curies":[{"name":"wp","href":"https:\/\/api.w.org\/{rel}","templated":true}]}}