{"id":91,"date":"2020-11-20T15:59:29","date_gmt":"2020-11-20T13:59:29","guid":{"rendered":"https:\/\/www.du-tec.fi\/fix\/"},"modified":"2021-11-25T12:20:46","modified_gmt":"2021-11-25T10:20:46","slug":"fix","status":"publish","type":"page","link":"https:\/\/www.du-tec.fi\/sv\/fix\/","title":{"rendered":"FIX"},"content":{"rendered":"\t\t<div data-elementor-type=\"wp-page\" data-elementor-id=\"91\" class=\"elementor elementor-91 elementor-34\" data-elementor-post-type=\"page\">\n\t\t\t\t\t\t<section class=\"elementor-section elementor-top-section elementor-element elementor-element-69f1ae7 elementor-section-full_width elementor-section-stretched elementor-section-height-default elementor-section-height-default\" data-id=\"69f1ae7\" data-element_type=\"section\" data-e-type=\"section\" data-settings=\"{&quot;stretch_section&quot;:&quot;section-stretched&quot;}\">\n\t\t\t\t\t\t<div class=\"elementor-container elementor-column-gap-default\">\n\t\t\t\t\t<div class=\"elementor-column elementor-col-100 elementor-top-column elementor-element elementor-element-ee6473b\" data-id=\"ee6473b\" data-element_type=\"column\" data-e-type=\"column\">\n\t\t\t<div class=\"elementor-widget-wrap elementor-element-populated\">\n\t\t\t\t\t\t<div class=\"elementor-element elementor-element-e6100ec elementor-widget elementor-widget-image\" data-id=\"e6100ec\" data-element_type=\"widget\" data-e-type=\"widget\" data-widget_type=\"image.default\">\n\t\t\t\t<div class=\"elementor-widget-container\">\n\t\t\t\t\t\t\t\t\t\t\t\t\t\t\t<img fetchpriority=\"high\" decoding=\"async\" width=\"2200\" height=\"500\" src=\"https:\/\/www.du-tec.fi\/wp-content\/uploads\/2020\/11\/slide-fix1-sv.png\" class=\"attachment-full size-full wp-image-73\" alt=\"\" srcset=\"https:\/\/www.du-tec.fi\/wp-content\/uploads\/2020\/11\/slide-fix1-sv.png 2200w, https:\/\/www.du-tec.fi\/wp-content\/uploads\/2020\/11\/slide-fix1-sv-300x68.png 300w, https:\/\/www.du-tec.fi\/wp-content\/uploads\/2020\/11\/slide-fix1-sv-1024x233.png 1024w, https:\/\/www.du-tec.fi\/wp-content\/uploads\/2020\/11\/slide-fix1-sv-768x175.png 768w, https:\/\/www.du-tec.fi\/wp-content\/uploads\/2020\/11\/slide-fix1-sv-1536x349.png 1536w, https:\/\/www.du-tec.fi\/wp-content\/uploads\/2020\/11\/slide-fix1-sv-2048x465.png 2048w\" sizes=\"(max-width: 2200px) 100vw, 2200px\" title=\"\">\t\t\t\t\t\t\t\t\t\t\t\t\t\t\t<\/div>\n\t\t\t\t<\/div>\n\t\t\t\t\t<\/div>\n\t\t<\/div>\n\t\t\t\t\t<\/div>\n\t\t<\/section>\n\t\t\t\t<section class=\"elementor-section elementor-top-section elementor-element elementor-element-63e68210 elementor-section-content-middle elementor-section-stretched elementor-section-boxed elementor-section-height-default elementor-section-height-default\" data-id=\"63e68210\" data-element_type=\"section\" data-e-type=\"section\" data-settings=\"{&quot;stretch_section&quot;:&quot;section-stretched&quot;,&quot;background_background&quot;:&quot;classic&quot;}\">\n\t\t\t\t\t\t<div class=\"elementor-container elementor-column-gap-no\">\n\t\t\t\t\t<div class=\"elementor-column elementor-col-100 elementor-top-column elementor-element elementor-element-292afaab\" data-id=\"292afaab\" data-element_type=\"column\" data-e-type=\"column\">\n\t\t\t<div class=\"elementor-widget-wrap elementor-element-populated\">\n\t\t\t\t\t\t<div class=\"elementor-element elementor-element-510b3ce9 elementor-widget elementor-widget-heading\" data-id=\"510b3ce9\" data-element_type=\"widget\" data-e-type=\"widget\" data-widget_type=\"heading.default\">\n\t\t\t\t<div class=\"elementor-widget-container\">\n\t\t\t\t\t<h1 class=\"elementor-heading-title elementor-size-default\">Fastighetssk\u00f6tsel och annat fix<\/h1>\t\t\t\t<\/div>\n\t\t\t\t<\/div>\n\t\t\t\t<div class=\"elementor-element elementor-element-42f3f74 elementor-widget elementor-widget-text-editor\" data-id=\"42f3f74\" data-element_type=\"widget\" data-e-type=\"widget\" data-widget_type=\"text-editor.default\">\n\t\t\t\t<div class=\"elementor-widget-container\">\n\t\t\t\t\t\t\t\t\t<p>Du-tec FIX erbjuder husbolag och privatpersoner fastighetsservice och utf\u00f6r andra sm\u00e5 arbeten i \u00c5bolands sk\u00e4rg\u00e5rd och p\u00e5 andra orter i Egentliga Finland. V\u00e5rt kontor befinner sig i Pargas.<\/p><p>Med hj\u00e4lp av fastighetsservice kan vi bidra till att inv\u00e5narna trivs b\u00e4ttre i sin egen hemomgivning samt f\u00f6rb\u00e4ttra den allm\u00e4nna funktionaliteten och s\u00e4kerheten. Regelbundna servicearbeten bibeh\u00e5ller fastighetens v\u00e4rde och f\u00f6rl\u00e4nger dess livsl\u00e4ngd.<\/p>\t\t\t\t\t\t\t\t<\/div>\n\t\t\t\t<\/div>\n\t\t\t\t\t<\/div>\n\t\t<\/div>\n\t\t\t\t\t<\/div>\n\t\t<\/section>\n\t\t\t\t<section class=\"elementor-section elementor-top-section elementor-element elementor-element-1fc7d910 elementor-section-content-middle elementor-section-stretched elementor-section-boxed elementor-section-height-default elementor-section-height-default\" data-id=\"1fc7d910\" data-element_type=\"section\" data-e-type=\"section\" data-settings=\"{&quot;stretch_section&quot;:&quot;section-stretched&quot;,&quot;background_background&quot;:&quot;classic&quot;,&quot;shape_divider_top&quot;:&quot;arrow&quot;,&quot;shape_divider_bottom&quot;:&quot;arrow&quot;,&quot;shape_divider_top_negative&quot;:&quot;yes&quot;,&quot;shape_divider_bottom_negative&quot;:&quot;yes&quot;}\">\n\t\t\t\t\t<div class=\"elementor-shape elementor-shape-top\" aria-hidden=\"true\" data-negative=\"true\">\n\t\t\t<svg xmlns=\"http:\/\/www.w3.org\/2000\/svg\" viewBox=\"0 0 700 10\" preserveAspectRatio=\"none\">\n\t<path class=\"elementor-shape-fill\" d=\"M360 0L350 9.9 340 0 0 0 0 10 700 10 700 0\"\/>\n<\/svg>\t\t<\/div>\n\t\t\t\t<div class=\"elementor-shape elementor-shape-bottom\" aria-hidden=\"true\" data-negative=\"true\">\n\t\t\t<svg xmlns=\"http:\/\/www.w3.org\/2000\/svg\" viewBox=\"0 0 700 10\" preserveAspectRatio=\"none\">\n\t<path class=\"elementor-shape-fill\" d=\"M360 0L350 9.9 340 0 0 0 0 10 700 10 700 0\"\/>\n<\/svg>\t\t<\/div>\n\t\t\t\t\t<div class=\"elementor-container elementor-column-gap-no\">\n\t\t\t\t\t<div class=\"elementor-column elementor-col-100 elementor-top-column elementor-element elementor-element-52153c56\" data-id=\"52153c56\" data-element_type=\"column\" data-e-type=\"column\">\n\t\t\t<div class=\"elementor-widget-wrap elementor-element-populated\">\n\t\t\t\t\t\t<section class=\"elementor-section elementor-inner-section elementor-element elementor-element-6c10ce1 elementor-section-content-middle elementor-section-boxed elementor-section-height-default elementor-section-height-default\" data-id=\"6c10ce1\" data-element_type=\"section\" data-e-type=\"section\">\n\t\t\t\t\t\t<div class=\"elementor-container elementor-column-gap-no\">\n\t\t\t\t\t<div class=\"elementor-column elementor-col-50 elementor-inner-column elementor-element elementor-element-379448f6\" data-id=\"379448f6\" data-element_type=\"column\" data-e-type=\"column\">\n\t\t\t<div class=\"elementor-widget-wrap elementor-element-populated\">\n\t\t\t\t\t\t<div class=\"elementor-element elementor-element-1984ab0e elementor-widget elementor-widget-image\" data-id=\"1984ab0e\" data-element_type=\"widget\" data-e-type=\"widget\" data-widget_type=\"image.default\">\n\t\t\t\t<div class=\"elementor-widget-container\">\n\t\t\t\t\t\t\t\t\t\t\t\t\t\t\t<img decoding=\"async\" width=\"1024\" height=\"577\" src=\"https:\/\/www.du-tec.fi\/wp-content\/uploads\/2020\/12\/WP_20160629_11_02_01_Pro-1024x577.jpg\" class=\"attachment-large size-large wp-image-627\" alt=\"\" srcset=\"https:\/\/www.du-tec.fi\/wp-content\/uploads\/2020\/12\/WP_20160629_11_02_01_Pro-1024x577.jpg 1024w, https:\/\/www.du-tec.fi\/wp-content\/uploads\/2020\/12\/WP_20160629_11_02_01_Pro-300x169.jpg 300w, https:\/\/www.du-tec.fi\/wp-content\/uploads\/2020\/12\/WP_20160629_11_02_01_Pro-768x433.jpg 768w, https:\/\/www.du-tec.fi\/wp-content\/uploads\/2020\/12\/WP_20160629_11_02_01_Pro-1536x866.jpg 1536w, https:\/\/www.du-tec.fi\/wp-content\/uploads\/2020\/12\/WP_20160629_11_02_01_Pro.jpg 1632w\" sizes=\"(max-width: 1024px) 100vw, 1024px\" title=\"\">\t\t\t\t\t\t\t\t\t\t\t\t\t\t\t<\/div>\n\t\t\t\t<\/div>\n\t\t\t\t\t<\/div>\n\t\t<\/div>\n\t\t\t\t<div class=\"elementor-column elementor-col-50 elementor-inner-column elementor-element elementor-element-4e48da7\" data-id=\"4e48da7\" data-element_type=\"column\" data-e-type=\"column\">\n\t\t\t<div class=\"elementor-widget-wrap elementor-element-populated\">\n\t\t\t\t\t\t<div class=\"elementor-element elementor-element-5c6023a2 elementor-widget elementor-widget-heading\" data-id=\"5c6023a2\" data-element_type=\"widget\" data-e-type=\"widget\" data-widget_type=\"heading.default\">\n\t\t\t\t<div class=\"elementor-widget-container\">\n\t\t\t\t\t<h2 class=\"elementor-heading-title elementor-size-default\">N\u00e4r din fastighet beh\u00f6ver en liten eller st\u00f6rre fixning!<\/h2>\t\t\t\t<\/div>\n\t\t\t\t<\/div>\n\t\t\t\t<div class=\"elementor-element elementor-element-58ae823b elementor-widget elementor-widget-text-editor\" data-id=\"58ae823b\" data-element_type=\"widget\" data-e-type=\"widget\" data-widget_type=\"text-editor.default\">\n\t\t\t\t<div class=\"elementor-widget-container\">\n\t\t\t\t\t\t\t\t\t<p>Vi utf\u00f6r yrkeskunnigt och omsorgsfullt all grundl\u00e4ggande fastighetsservice som tr\u00e4dg\u00e5rdsarbete, sn\u00f6skottning och sandning, sn\u00f6plogning, g\u00e5rdskarlsarbeten samt elarbeten. Till v\u00e5rt f\u00f6rfogande har vi bl.a. gr\u00e4vmaskiner och en Avant-flerprocessmaskin.<\/p>\t\t\t\t\t\t\t\t<\/div>\n\t\t\t\t<\/div>\n\t\t\t\t\t<\/div>\n\t\t<\/div>\n\t\t\t\t\t<\/div>\n\t\t<\/section>\n\t\t\t\t<section class=\"elementor-section elementor-inner-section elementor-element elementor-element-70983fa2 elementor-section-content-middle elementor-reverse-mobile elementor-section-boxed elementor-section-height-default elementor-section-height-default\" data-id=\"70983fa2\" data-element_type=\"section\" data-e-type=\"section\">\n\t\t\t\t\t\t<div class=\"elementor-container elementor-column-gap-no\">\n\t\t\t\t\t<div class=\"elementor-column elementor-col-50 elementor-inner-column elementor-element elementor-element-324ecb4c\" data-id=\"324ecb4c\" data-element_type=\"column\" data-e-type=\"column\">\n\t\t\t<div class=\"elementor-widget-wrap elementor-element-populated\">\n\t\t\t\t\t\t<div class=\"elementor-element elementor-element-14e46508 elementor-widget elementor-widget-heading\" data-id=\"14e46508\" data-element_type=\"widget\" data-e-type=\"widget\" data-widget_type=\"heading.default\">\n\t\t\t\t<div class=\"elementor-widget-container\">\n\t\t\t\t\t<h3 class=\"elementor-heading-title elementor-size-default\">Grundl\u00e4ggande fastighetsunderh\u00e5llstj\u00e4nster <\/h3>\t\t\t\t<\/div>\n\t\t\t\t<\/div>\n\t\t\t\t<div class=\"elementor-element elementor-element-3e451211 elementor-widget elementor-widget-text-editor\" data-id=\"3e451211\" data-element_type=\"widget\" data-e-type=\"widget\" data-widget_type=\"text-editor.default\">\n\t\t\t\t<div class=\"elementor-widget-container\">\n\t\t\t\t\t\t\t\t\t<p>\u00a0Vi utf\u00f6r fastighetsservicearbeten f\u00f6r s\u00e5v\u00e4l regelbundet \u00e5terkommande avtalskunder, som f\u00f6r de privat- eller f\u00f6retagskunder som beh\u00f6ver hj\u00e4lp med fastighetssk\u00f6tsel mer s\u00e4llan.\u00a0<\/p><p>Kunden avg\u00f6r sj\u00e4lv vilka fastighetsservicearbeten som ska utf\u00f6ras och vi utf\u00f6r dessa p\u00e5 ett yrkeskunnigt s\u00e4tt.\u00a0<\/p>\t\t\t\t\t\t\t\t<\/div>\n\t\t\t\t<\/div>\n\t\t\t\t\t<\/div>\n\t\t<\/div>\n\t\t\t\t<div class=\"elementor-column elementor-col-50 elementor-inner-column elementor-element elementor-element-49318483\" data-id=\"49318483\" data-element_type=\"column\" data-e-type=\"column\">\n\t\t\t<div class=\"elementor-widget-wrap elementor-element-populated\">\n\t\t\t\t\t\t<div class=\"elementor-element elementor-element-3ac1da2e elementor-widget elementor-widget-image\" data-id=\"3ac1da2e\" data-element_type=\"widget\" data-e-type=\"widget\" data-widget_type=\"image.default\">\n\t\t\t\t<div class=\"elementor-widget-container\">\n\t\t\t\t\t\t\t\t\t\t\t\t\t\t\t<img decoding=\"async\" width=\"1024\" height=\"577\" src=\"https:\/\/www.du-tec.fi\/wp-content\/uploads\/2020\/12\/WP_20160621_11_52_29_Pro-1024x577.jpg\" class=\"attachment-large size-large wp-image-622\" alt=\"\" srcset=\"https:\/\/www.du-tec.fi\/wp-content\/uploads\/2020\/12\/WP_20160621_11_52_29_Pro-1024x577.jpg 1024w, https:\/\/www.du-tec.fi\/wp-content\/uploads\/2020\/12\/WP_20160621_11_52_29_Pro-300x169.jpg 300w, https:\/\/www.du-tec.fi\/wp-content\/uploads\/2020\/12\/WP_20160621_11_52_29_Pro-768x433.jpg 768w, https:\/\/www.du-tec.fi\/wp-content\/uploads\/2020\/12\/WP_20160621_11_52_29_Pro-1536x866.jpg 1536w, https:\/\/www.du-tec.fi\/wp-content\/uploads\/2020\/12\/WP_20160621_11_52_29_Pro.jpg 1632w\" sizes=\"(max-width: 1024px) 100vw, 1024px\" title=\"\">\t\t\t\t\t\t\t\t\t\t\t\t\t\t\t<\/div>\n\t\t\t\t<\/div>\n\t\t\t\t\t<\/div>\n\t\t<\/div>\n\t\t\t\t\t<\/div>\n\t\t<\/section>\n\t\t\t\t\t<\/div>\n\t\t<\/div>\n\t\t\t\t\t<\/div>\n\t\t<\/section>\n\t\t\t\t<section class=\"elementor-section elementor-top-section elementor-element elementor-element-6a9c908 elementor-section-boxed elementor-section-height-default elementor-section-height-default\" data-id=\"6a9c908\" data-element_type=\"section\" data-e-type=\"section\">\n\t\t\t\t\t\t<div class=\"elementor-container elementor-column-gap-default\">\n\t\t\t\t\t<div class=\"elementor-column elementor-col-100 elementor-top-column elementor-element elementor-element-32ab730\" data-id=\"32ab730\" data-element_type=\"column\" data-e-type=\"column\">\n\t\t\t<div class=\"elementor-widget-wrap elementor-element-populated\">\n\t\t\t\t\t\t<div class=\"elementor-element elementor-element-99e7f78 elementor-widget elementor-widget-heading\" data-id=\"99e7f78\" data-element_type=\"widget\" data-e-type=\"widget\" data-widget_type=\"heading.default\">\n\t\t\t\t<div class=\"elementor-widget-container\">\n\t\t\t\t\t<h1 class=\"elementor-heading-title elementor-size-default\">Uthyrning av byggnadsmaskiner <\/h1>\t\t\t\t<\/div>\n\t\t\t\t<\/div>\n\t\t\t\t<div class=\"elementor-element elementor-element-1759257 elementor-widget elementor-widget-text-editor\" data-id=\"1759257\" data-element_type=\"widget\" data-e-type=\"widget\" data-widget_type=\"text-editor.default\">\n\t\t\t\t<div class=\"elementor-widget-container\">\n\t\t\t\t\t\t\t\t\t<p>I samarbete med Turun Kone-Rent Oy kan du snabbt och kostnadseffektivt hyra allt du beh\u00f6ver till din byggarbetsplats hos oss. <br>Beh\u00f6ver du transporthj\u00e4lp kan vi \u00e4ven leverera byggnadsmaskinerna till den plats du \u00f6nskar kring Nagu.&nbsp;<\/p>\n<p><a href=\"https:\/\/www.du-tec.fi\/sv\/kontaktuppgifter\/\">Ta kontakt<\/a> s\u00e5 ber\u00e4ttar vi g\u00e4rna mer eller l\u00e4s mer om Turun Kone-Rent Oy:s maskinutbud <a href=\"https:\/\/www.konerent.com\/vuokrakalusto\" target=\"_blank\" rel=\"noopener\">h\u00e4r<\/a> (p\u00e5 finska).&nbsp;<\/p>\t\t\t\t\t\t\t\t<\/div>\n\t\t\t\t<\/div>\n\t\t\t\t\t<\/div>\n\t\t<\/div>\n\t\t\t\t\t<\/div>\n\t\t<\/section>\n\t\t\t\t<section class=\"elementor-section elementor-top-section elementor-element elementor-element-cfcfb9d elementor-section-content-middle elementor-section-boxed elementor-section-height-default elementor-section-height-default\" data-id=\"cfcfb9d\" data-element_type=\"section\" data-e-type=\"section\">\n\t\t\t\t\t\t<div class=\"elementor-container elementor-column-gap-no\">\n\t\t\t\t\t<div class=\"elementor-column elementor-col-100 elementor-top-column elementor-element elementor-element-38e288dc\" data-id=\"38e288dc\" data-element_type=\"column\" data-e-type=\"column\">\n\t\t\t<div class=\"elementor-widget-wrap elementor-element-populated\">\n\t\t\t\t\t\t<div class=\"elementor-element elementor-element-4e6fe2fe elementor-widget elementor-widget-heading\" data-id=\"4e6fe2fe\" data-element_type=\"widget\" data-e-type=\"widget\" data-widget_type=\"heading.default\">\n\t\t\t\t<div class=\"elementor-widget-container\">\n\t\t\t\t\t<h4 class=\"elementor-heading-title elementor-size-default\">Vad tycker kunderna?<\/h4>\t\t\t\t<\/div>\n\t\t\t\t<\/div>\n\t\t\t\t<section class=\"elementor-section elementor-inner-section elementor-element elementor-element-61448ea6 elementor-section-boxed elementor-section-height-default elementor-section-height-default\" data-id=\"61448ea6\" data-element_type=\"section\" data-e-type=\"section\">\n\t\t\t\t\t\t<div class=\"elementor-container elementor-column-gap-no\">\n\t\t\t\t\t<div class=\"elementor-column elementor-col-100 elementor-inner-column elementor-element elementor-element-43d080ac\" data-id=\"43d080ac\" data-element_type=\"column\" data-e-type=\"column\">\n\t\t\t<div class=\"elementor-widget-wrap elementor-element-populated\">\n\t\t\t\t\t\t<div class=\"elementor-element elementor-element-ecaf6a6 elementor-view-default elementor-widget elementor-widget-icon\" data-id=\"ecaf6a6\" data-element_type=\"widget\" data-e-type=\"widget\" data-widget_type=\"icon.default\">\n\t\t\t\t<div class=\"elementor-widget-container\">\n\t\t\t\t\t\t\t<div class=\"elementor-icon-wrapper\">\n\t\t\t<div class=\"elementor-icon elementor-animation-grow\">\n\t\t\t<i aria-hidden=\"true\" class=\"fas fa-quote-left\"><\/i>\t\t\t<\/div>\n\t\t<\/div>\n\t\t\t\t\t\t<\/div>\n\t\t\t\t<\/div>\n\t\t\t\t<div class=\"elementor-element elementor-element-1dae0ff1 elementor-widget elementor-widget-testimonial\" data-id=\"1dae0ff1\" data-element_type=\"widget\" data-e-type=\"widget\" data-widget_type=\"testimonial.default\">\n\t\t\t\t<div class=\"elementor-widget-container\">\n\t\t\t\t\t\t\t<div class=\"elementor-testimonial-wrapper\">\n\t\t\t\t\t\t\t<div class=\"elementor-testimonial-content\">Yhteisty\u00f6mme alkoi kev\u00e4\u00e4ll\u00e4 2015, kun is\u00e4nn\u00f6itsij\u00e4toimistomme tarvitsi uuden kiinteist\u00f6huollon kumppanin. Du-tec FIXilt\u00e4 saamme kaikki normaalit kiinteist\u00f6nhuollon ty\u00f6t kuten huoltomiehen palvelut ja pihaty\u00f6t. Du-tec FIXin vahvuus on luotettavuus ja nopea reagointi: kun jotain on sovittu, se toteutetaan.<\/div>\n\t\t\t\n\t\t\t\t\t\t<div class=\"elementor-testimonial-meta\">\n\t\t\t\t<div class=\"elementor-testimonial-meta-inner\">\n\t\t\t\t\t\n\t\t\t\t\t\t\t\t\t\t<div class=\"elementor-testimonial-details\">\n\t\t\t\t\t\t\t\t\t\t\t\t\t\t<div class=\"elementor-testimonial-name\">Merja Kaarto<\/div>\n\t\t\t\t\t\t\t\t\t\t\t\t\t\t\t\t\t\t\t\t\t\t<div class=\"elementor-testimonial-job\">Memera\u200b<\/div>\n\t\t\t\t\t\t\t\t\t\t\t\t\t<\/div>\n\t\t\t\t\t\t\t\t\t<\/div>\n\t\t\t<\/div>\n\t\t\t\t\t<\/div>\n\t\t\t\t\t\t<\/div>\n\t\t\t\t<\/div>\n\t\t\t\t\t<\/div>\n\t\t<\/div>\n\t\t\t\t\t<\/div>\n\t\t<\/section>\n\t\t\t\t\t<\/div>\n\t\t<\/div>\n\t\t\t\t\t<\/div>\n\t\t<\/section>\n\t\t\t\t<\/div>\n\t\t","protected":false},"excerpt":{"rendered":"<p>Fastighetssk\u00f6tsel och annat fix Du-tec FIX erbjuder husbolag och privatpersoner fastighetsservice och utf\u00f6r andra sm\u00e5 arbeten i \u00c5bolands sk\u00e4rg\u00e5rd och p\u00e5 andra orter i Egentliga Finland. V\u00e5rt kontor befinner sig i Pargas. Med hj\u00e4lp av fastighetsservice kan vi bidra till att inv\u00e5narna trivs b\u00e4ttre i sin egen hemomgivning samt f\u00f6rb\u00e4ttra den allm\u00e4nna funktionaliteten och s\u00e4kerheten. [&hellip;]<\/p>\n","protected":false},"author":1,"featured_media":73,"parent":0,"menu_order":1,"comment_status":"closed","ping_status":"closed","template":"elementor_header_footer","meta":{"site-sidebar-layout":"default","site-content-layout":"default","ast-site-content-layout":"default","site-content-style":"default","site-sidebar-style":"default","ast-global-header-display":"","ast-banner-title-visibility":"","ast-main-header-display":"","ast-hfb-above-header-display":"","ast-hfb-below-header-display":"","ast-hfb-mobile-header-display":"","site-post-title":"","ast-breadcrumbs-content":"","ast-featured-img":"","footer-sml-layout":"","ast-disable-related-posts":"","theme-transparent-header-meta":"default","adv-header-id-meta":"","stick-header-meta":"default","header-above-stick-meta":"","header-main-stick-meta":"","header-below-stick-meta":"","astra-migrate-meta-layouts":"default","ast-page-background-enabled":"default","ast-page-background-meta":{"desktop":{"background-color":"","background-image":"","background-repeat":"repeat","background-position":"center center","background-size":"auto","background-attachment":"scroll","background-type":"","background-media":"","overlay-type":"","overlay-color":"","overlay-opacity":"","overlay-gradient":""},"tablet":{"background-color":"","background-image":"","background-repeat":"repeat","background-position":"center center","background-size":"auto","background-attachment":"scroll","background-type":"","background-media":"","overlay-type":"","overlay-color":"","overlay-opacity":"","overlay-gradient":""},"mobile":{"background-color":"","background-image":"","background-repeat":"repeat","background-position":"center center","background-size":"auto","background-attachment":"scroll","background-type":"","background-media":"","overlay-type":"","overlay-color":"","overlay-opacity":"","overlay-gradient":""}},"ast-content-background-meta":{"desktop":{"background-color":"var(--ast-global-color-5)","background-image":"","background-repeat":"repeat","background-position":"center center","background-size":"auto","background-attachment":"scroll","background-type":"","background-media":"","overlay-type":"","overlay-color":"","overlay-opacity":"","overlay-gradient":""},"tablet":{"background-color":"var(--ast-global-color-5)","background-image":"","background-repeat":"repeat","background-position":"center center","background-size":"auto","background-attachment":"scroll","background-type":"","background-media":"","overlay-type":"","overlay-color":"","overlay-opacity":"","overlay-gradient":""},"mobile":{"background-color":"var(--ast-global-color-5)","background-image":"","background-repeat":"repeat","background-position":"center center","background-size":"auto","background-attachment":"scroll","background-type":"","background-media":"","overlay-type":"","overlay-color":"","overlay-opacity":"","overlay-gradient":""}},"footnotes":""},"class_list":["post-91","page","type-page","status-publish","has-post-thumbnail","hentry"],"_links":{"self":[{"href":"https:\/\/www.du-tec.fi\/sv\/wp-json\/wp\/v2\/pages\/91","targetHints":{"allow":["GET"]}}],"collection":[{"href":"https:\/\/www.du-tec.fi\/sv\/wp-json\/wp\/v2\/pages"}],"about":[{"href":"https:\/\/www.du-tec.fi\/sv\/wp-json\/wp\/v2\/types\/page"}],"author":[{"embeddable":true,"href":"https:\/\/www.du-tec.fi\/sv\/wp-json\/wp\/v2\/users\/1"}],"replies":[{"embeddable":true,"href":"https:\/\/www.du-tec.fi\/sv\/wp-json\/wp\/v2\/comments?post=91"}],"version-history":[{"count":0,"href":"https:\/\/www.du-tec.fi\/sv\/wp-json\/wp\/v2\/pages\/91\/revisions"}],"wp:featuredmedia":[{"embeddable":true,"href":"https:\/\/www.du-tec.fi\/sv\/wp-json\/wp\/v2\/media\/73"}],"wp:attachment":[{"href":"https:\/\/www.du-tec.fi\/sv\/wp-json\/wp\/v2\/media?parent=91"}],"curies":[{"name":"wp","href":"https:\/\/api.w.org\/{rel}","templated":true}]}}